{"id":4015,"date":"2018-02-15T13:34:35","date_gmt":"2018-02-15T12:34:35","guid":{"rendered":"https:\/\/museolaboratorio.it\/?post_type=product&#038;p=4015"},"modified":"2021-11-04T11:33:08","modified_gmt":"2021-11-04T10:33:08","slug":"fischietto-con-cavaliere-della-madonna-della-bruna","status":"publish","type":"product","link":"https:\/\/museolaboratorio.it\/en\/shop\/italiano-fischietto-con-cavaliere-della-madonna-della-bruna\/","title":{"rendered":"(Italiano) Fischietto con cavaliere della Madonna della Bruna"},"content":{"rendered":"<p class=\"qtranxs-available-languages-message qtranxs-available-languages-message-en\">Sorry, this entry is only available in <a href=\"https:\/\/museolaboratorio.it\/it\/wp-json\/wp\/v2\/product\/4015\" class=\"qtranxs-available-language-link qtranxs-available-language-link-it\" title=\"Italiano\">Italiano<\/a>.<\/p><p>Fischietto in terracotta che rappresenta un cavaliere della Madonna della Bruna.<\/p>\n<p>Fischietto modellato e dipinto interamente a mano, impreziosito dalla riproduzione di uno scorcio del suggestivi Rioni Sassi di Matera. La produzione dei cucc\u00f9 \u00e8 molto antica ed \u00e8 legata alla figura dei pestacreta, ragazzini che, nelle botteghe dei vasai, calpestavano l&#8217;argilla per renderla pi\u00f9 morbida e prepararla alla lavorazione. Non ricevevano alcun compenso per il lavoro svolto, ma erano soliti usare i residui della creta per creare fischietti con cui trastullarsi o proporre baratti \u00a0a coetanei e adulti.<\/p>\n<p>Col tempo tale oggetto acquis\u00ec una forte valenza simbolica e, sempre pi\u00f9 elaborato e arricchito da riproduzioni di fiori, frutti, animali, prodotti locali, divenne il primo dono offerto dal pretendente alla futura sposa, quasi come pietra miliare del nuovo nucleo familiare.<\/p>\n<p>Oggi i cucc\u00f9 sono souvenirs privilegiati della citt\u00e0 di Matera: in qualsiasi forma, dimensione, tipologia di decorazione, restano altamente rappresentativi degli usi e delle tradizioni locali, tanto che la loro produzione \u00e8 stata ripresa con successo da numerosi giovani artigiani che operano nei Sassi.<\/p>\n<div class=\"shariff\"><ul class=\"shariff-buttons theme-default orientation-horizontal buttonsize-medium\"><li class=\"shariff-button facebook shariff-nocustomcolor\" style=\"background-color:#4273c8\"><a href=\"https:\/\/www.facebook.com\/sharer\/sharer.php?u=https%3A%2F%2Fmuseolaboratorio.it%2Fen%2Fshop%2Fitaliano-fischietto-con-cavaliere-della-madonna-della-bruna%2F\" title=\"Share on Facebook\" aria-label=\"Share on Facebook\" role=\"button\" rel=\"nofollow\" class=\"shariff-link\" style=\"; background-color:#3b5998; color:#fff\" target=\"_blank\"><span class=\"shariff-icon\" style=\"\"><svg width=\"32px\" height=\"20px\" xmlns=\"http:\/\/www.w3.org\/2000\/svg\" viewBox=\"0 0 18 32\"><path fill=\"#3b5998\" d=\"M17.1 0.2v4.7h-2.8q-1.5 0-2.1 0.6t-0.5 1.9v3.4h5.2l-0.7 5.3h-4.5v13.6h-5.5v-13.6h-4.5v-5.3h4.5v-3.9q0-3.3 1.9-5.2t5-1.8q2.6 0 4.1 0.2z\"\/><\/svg><\/span><span class=\"shariff-text\">share<\/span>&nbsp;<\/a><\/li><li class=\"shariff-button twitter shariff-nocustomcolor\" style=\"background-color:#595959\"><a href=\"https:\/\/twitter.com\/share?url=https%3A%2F%2Fmuseolaboratorio.it%2Fen%2Fshop%2Fitaliano-fischietto-con-cavaliere-della-madonna-della-bruna%2F&text=%28Italiano%29%20Fischietto%20con%20cavaliere%20della%20Madonna%20della%20Bruna\" title=\"Share on X\" aria-label=\"Share on X\" role=\"button\" rel=\"noopener nofollow\" class=\"shariff-link\" style=\"; background-color:#000; color:#fff\" target=\"_blank\"><span class=\"shariff-icon\" style=\"\"><svg width=\"32px\" height=\"20px\" xmlns=\"http:\/\/www.w3.org\/2000\/svg\" viewBox=\"0 0 24 24\"><path fill=\"#000\" d=\"M14.258 10.152L23.176 0h-2.113l-7.747 8.813L7.133 0H0l9.352 13.328L0 23.973h2.113l8.176-9.309 6.531 9.309h7.133zm-2.895 3.293l-.949-1.328L2.875 1.56h3.246l6.086 8.523.945 1.328 7.91 11.078h-3.246zm0 0\"\/><\/svg><\/span><span class=\"shariff-text\">share<\/span>&nbsp;<\/a><\/li><li class=\"shariff-button linkedin shariff-nocustomcolor\" style=\"background-color:#1488bf\"><a href=\"https:\/\/www.linkedin.com\/sharing\/share-offsite\/?url=https%3A%2F%2Fmuseolaboratorio.it%2Fen%2Fshop%2Fitaliano-fischietto-con-cavaliere-della-madonna-della-bruna%2F\" title=\"Share on LinkedIn\" aria-label=\"Share on LinkedIn\" role=\"button\" rel=\"noopener nofollow\" class=\"shariff-link\" style=\"; background-color:#0077b5; color:#fff\" target=\"_blank\"><span class=\"shariff-icon\" style=\"\"><svg width=\"32px\" height=\"20px\" xmlns=\"http:\/\/www.w3.org\/2000\/svg\" viewBox=\"0 0 27 32\"><path fill=\"#0077b5\" d=\"M6.2 11.2v17.7h-5.9v-17.7h5.9zM6.6 5.7q0 1.3-0.9 2.2t-2.4 0.9h0q-1.5 0-2.4-0.9t-0.9-2.2 0.9-2.2 2.4-0.9 2.4 0.9 0.9 2.2zM27.4 18.7v10.1h-5.9v-9.5q0-1.9-0.7-2.9t-2.3-1.1q-1.1 0-1.9 0.6t-1.2 1.5q-0.2 0.5-0.2 1.4v9.9h-5.9q0-7.1 0-11.6t0-5.3l0-0.9h5.9v2.6h0q0.4-0.6 0.7-1t1-0.9 1.6-0.8 2-0.3q3 0 4.9 2t1.9 6z\"\/><\/svg><\/span><span class=\"shariff-text\">share<\/span>&nbsp;<\/a><\/li><li class=\"shariff-button whatsapp shariff-nocustomcolor\" style=\"background-color:#5cbe4a\"><a href=\"https:\/\/api.whatsapp.com\/send?text=https%3A%2F%2Fmuseolaboratorio.it%2Fen%2Fshop%2Fitaliano-fischietto-con-cavaliere-della-madonna-della-bruna%2F%20%28Italiano%29%20Fischietto%20con%20cavaliere%20della%20Madonna%20della%20Bruna\" title=\"Share on Whatsapp\" aria-label=\"Share on Whatsapp\" role=\"button\" rel=\"noopener nofollow\" class=\"shariff-link\" style=\"; background-color:#34af23; color:#fff\" target=\"_blank\"><span class=\"shariff-icon\" style=\"\"><svg width=\"32px\" height=\"20px\" xmlns=\"http:\/\/www.w3.org\/2000\/svg\" viewBox=\"0 0 32 32\"><path fill=\"#34af23\" d=\"M17.6 17.4q0.2 0 1.7 0.8t1.6 0.9q0 0.1 0 0.3 0 0.6-0.3 1.4-0.3 0.7-1.3 1.2t-1.8 0.5q-1 0-3.4-1.1-1.7-0.8-3-2.1t-2.6-3.3q-1.3-1.9-1.3-3.5v-0.1q0.1-1.6 1.3-2.8 0.4-0.4 0.9-0.4 0.1 0 0.3 0t0.3 0q0.3 0 0.5 0.1t0.3 0.5q0.1 0.4 0.6 1.6t0.4 1.3q0 0.4-0.6 1t-0.6 0.8q0 0.1 0.1 0.3 0.6 1.3 1.8 2.4 1 0.9 2.7 1.8 0.2 0.1 0.4 0.1 0.3 0 1-0.9t0.9-0.9zM14 26.9q2.3 0 4.3-0.9t3.6-2.4 2.4-3.6 0.9-4.3-0.9-4.3-2.4-3.6-3.6-2.4-4.3-0.9-4.3 0.9-3.6 2.4-2.4 3.6-0.9 4.3q0 3.6 2.1 6.6l-1.4 4.2 4.3-1.4q2.8 1.9 6.2 1.9zM14 2.2q2.7 0 5.2 1.1t4.3 2.9 2.9 4.3 1.1 5.2-1.1 5.2-2.9 4.3-4.3 2.9-5.2 1.1q-3.5 0-6.5-1.7l-7.4 2.4 2.4-7.2q-1.9-3.2-1.9-6.9 0-2.7 1.1-5.2t2.9-4.3 4.3-2.9 5.2-1.1z\"\/><\/svg><\/span><span class=\"shariff-text\">share<\/span>&nbsp;<\/a><\/li><li class=\"shariff-button telegram shariff-nocustomcolor\" style=\"background-color:#4084A6\"><a href=\"https:\/\/telegram.me\/share\/url?url=https%3A%2F%2Fmuseolaboratorio.it%2Fen%2Fshop%2Fitaliano-fischietto-con-cavaliere-della-madonna-della-bruna%2F&text=%28Italiano%29%20Fischietto%20con%20cavaliere%20della%20Madonna%20della%20Bruna\" title=\"Share on Telegram\" aria-label=\"Share on Telegram\" role=\"button\" rel=\"noopener nofollow\" class=\"shariff-link\" style=\"; background-color:#0088cc; color:#fff\" target=\"_blank\"><span class=\"shariff-icon\" style=\"\"><svg width=\"32px\" height=\"20px\" xmlns=\"http:\/\/www.w3.org\/2000\/svg\" viewBox=\"0 0 32 32\"><path fill=\"#0088cc\" d=\"M30.8 6.5l-4.5 21.4c-.3 1.5-1.2 1.9-2.5 1.2L16.9 24l-3.3 3.2c-.4.4-.7.7-1.4.7l.5-7L25.5 9.2c.6-.5-.1-.8-.9-.3l-15.8 10L2 16.7c-1.5-.5-1.5-1.5.3-2.2L28.9 4.3c1.3-.5 2.3.3 1.9 2.2z\"\/><\/svg><\/span><span class=\"shariff-text\">share<\/span>&nbsp;<\/a><\/li><li class=\"shariff-button mailto shariff-nocustomcolor\" style=\"background-color:#a8a8a8\"><a href=\"mailto:?body=https%3A%2F%2Fmuseolaboratorio.it%2Fen%2Fshop%2Fitaliano-fischietto-con-cavaliere-della-madonna-della-bruna%2F&subject=%28Italiano%29%20Fischietto%20con%20cavaliere%20della%20Madonna%20della%20Bruna\" title=\"Send by email\" aria-label=\"Send by email\" role=\"button\" rel=\"noopener nofollow\" class=\"shariff-link\" style=\"; background-color:#999; color:#fff\"><span class=\"shariff-icon\" style=\"\"><svg width=\"32px\" height=\"20px\" xmlns=\"http:\/\/www.w3.org\/2000\/svg\" viewBox=\"0 0 32 32\"><path fill=\"#999\" d=\"M32 12.7v14.2q0 1.2-0.8 2t-2 0.9h-26.3q-1.2 0-2-0.9t-0.8-2v-14.2q0.8 0.9 1.8 1.6 6.5 4.4 8.9 6.1 1 0.8 1.6 1.2t1.7 0.9 2 0.4h0.1q0.9 0 2-0.4t1.7-0.9 1.6-1.2q3-2.2 8.9-6.1 1-0.7 1.8-1.6zM32 7.4q0 1.4-0.9 2.7t-2.2 2.2q-6.7 4.7-8.4 5.8-0.2 0.1-0.7 0.5t-1 0.7-0.9 0.6-1.1 0.5-0.9 0.2h-0.1q-0.4 0-0.9-0.2t-1.1-0.5-0.9-0.6-1-0.7-0.7-0.5q-1.6-1.1-4.7-3.2t-3.6-2.6q-1.1-0.7-2.1-2t-1-2.5q0-1.4 0.7-2.3t2.1-0.9h26.3q1.2 0 2 0.8t0.9 2z\"\/><\/svg><\/span><span class=\"shariff-text\">email<\/span>&nbsp;<\/a><\/li><\/ul><\/div>","protected":false},"excerpt":{"rendered":"<p class=\"qtranxs-available-languages-message qtranxs-available-languages-message-en\">Sorry, this entry is only available in <a href=\"https:\/\/museolaboratorio.it\/it\/wp-json\/wp\/v2\/product\/4015\" class=\"qtranxs-available-language-link qtranxs-available-language-link-it\" title=\"Italiano\">Italiano<\/a>.<\/p>\n<p>Fischietto in terracotta che rappresenta un cavaliere della Madonna della Bruna.<\/p>\n<p>Fischietto modellato e dipinto interamente a mano, impreziosito dalla riproduzione di uno scorcio del suggestivi Rioni Sassi di Matera. La produzione dei cucc\u00f9 \u00e8 molto antica ed \u00e8 legata alla figura dei pestacreta, ragazzini che, nelle botteghe dei vasai, calpestavano l&#8217;argilla per renderla pi\u00f9 morbida e prepararla alla lavorazione. Non ricevevano alcun compenso per il lavoro svolto, ma erano soliti usare i residui della creta per creare fischietti con cui trastullarsi o proporre baratti \u00a0a coetanei e adulti.<\/p>\n<p>Col tempo tale oggetto acquis\u00ec una forte valenza simbolica e, sempre pi\u00f9 elaborato e arricchito da riproduzioni di fiori, frutti, animali, prodotti locali, divenne il primo dono offerto dal pretendente alla futura sposa, quasi come pietra miliare del nuovo nucleo familiare.<\/p>\n<p>Oggi i cucc\u00f9 sono souvenirs privilegiati della citt\u00e0 di Matera: in qualsiasi forma, dimensione, tipologia di decorazione, restano altamente rappresentativi degli usi e delle tradizioni locali, tanto che la loro produzione \u00e8 stata ripresa con successo da numerosi giovani artigiani che operano nei Sassi.<\/p>\n","protected":false},"featured_media":4010,"template":"","meta":[],"product_brand":[],"product_cat":[60,58,59],"product_tag":[],"class_list":{"0":"post-4015","1":"product","2":"type-product","3":"status-publish","4":"has-post-thumbnail","6":"product_cat-fischietti","7":"product_cat-laboratorio","8":"product_cat-terracotta","9":"pa_authors-anna-cascione","11":"first","12":"instock","13":"sold-individually","14":"shipping-taxable","15":"purchasable","16":"product-type-simple"},"_links":{"self":[{"href":"https:\/\/museolaboratorio.it\/en\/wp-json\/wp\/v2\/product\/4015","targetHints":{"allow":["GET"]}}],"collection":[{"href":"https:\/\/museolaboratorio.it\/en\/wp-json\/wp\/v2\/product"}],"about":[{"href":"https:\/\/museolaboratorio.it\/en\/wp-json\/wp\/v2\/types\/product"}],"wp:featuredmedia":[{"embeddable":true,"href":"https:\/\/museolaboratorio.it\/en\/wp-json\/wp\/v2\/media\/4010"}],"wp:attachment":[{"href":"https:\/\/museolaboratorio.it\/en\/wp-json\/wp\/v2\/media?parent=4015"}],"wp:term":[{"taxonomy":"product_brand","embeddable":true,"href":"https:\/\/museolaboratorio.it\/en\/wp-json\/wp\/v2\/product_brand?post=4015"},{"taxonomy":"product_cat","embeddable":true,"href":"https:\/\/museolaboratorio.it\/en\/wp-json\/wp\/v2\/product_cat?post=4015"},{"taxonomy":"product_tag","embeddable":true,"href":"https:\/\/museolaboratorio.it\/en\/wp-json\/wp\/v2\/product_tag?post=4015"}],"curies":[{"name":"wp","href":"https:\/\/api.w.org\/{rel}","templated":true}]}}